{"id":221,"date":"2018-10-16T17:23:22","date_gmt":"2018-10-16T17:23:22","guid":{"rendered":"http:\/\/insulac.pt\/en\/termos-e-condicoes\/"},"modified":"2022-08-09T17:26:20","modified_gmt":"2022-08-09T17:26:20","slug":"terms-and-conditions","status":"publish","type":"page","link":"https:\/\/insulac.pt\/en\/terms-and-conditions\/","title":{"rendered":"Terms and Conditions"},"content":{"rendered":"<p>[vc_row][vc_column][vc_column_text el_class=&#8221;termos-condicoes&#8221;]<\/p>\n<div class=\"FullTextBox\">\n<div class=\"info\">\n<div class=\"text\">\n<h2><strong>Direitos de autor<\/strong><\/h2>\n<p>Os ficheiros de texto, imagens, gr\u00e1ficos, sons e anima\u00e7\u00e3o, e todas as outras informa\u00e7\u00f5es e a forma em que s\u00e3o representadas graficamente no Web site, assim como a disposi\u00e7\u00e3o e a estrutura do site, est\u00e3o todos sujeitos aos direitos de autor da Insulac, excepto se indicado em contr\u00e1rio. Nem o Web site nem parte do site pode ser copiado ou distribu\u00eddo, nem pode o Web site ou parte do Web site ser modificado ou colocado noutros sites, sem autoriza\u00e7\u00e3o pr\u00e9via por escrito da Insulac e desde que o conte\u00fado n\u00e3o seja modificado de qualquer forma e que todos avisos de direitos de autor e de propriedade sejam mantidos.<\/p>\n<h2><strong>Marca comercial<\/strong><\/h2>\n<p>Todas as marcas comerciais, marcas de servi\u00e7o e nomes comerciais apresentados no Web site est\u00e3o protegidos pelos direitos de marcas comerciais da Insulac, excepto se indicado em contr\u00e1rio. Isto aplica-se especialmente aos s\u00edmbolos e log\u00f3tipos da Insulac. Este Web site e qualquer material existente no site n\u00e3o concedem nem pode ser interpretando como concedendo permiss\u00e3o aos direitos de propriedade intelectual da Insulac a nenhuma pessoa.<\/p>\n<h2><strong>Garantia<\/strong><\/h2>\n<p>As informa\u00e7\u00f5es existentes neste Web site s\u00e3o fornecidas pela Insulac \u201ccomo est\u00e3o\u201d e at\u00e9 \u00e0 m\u00e1xima extens\u00e3o permitida pela lei aplic\u00e1vel, s\u00e3o fornecidas sem qualquer tipo de garantia, expressa ou impl\u00edcita. Embora as informa\u00e7\u00f5es sejam tidas como correctas, podem incluir erros ou imprecis\u00f5es. A Insulac n\u00e3o representa nem garante que as fun\u00e7\u00f5es ou aplica\u00e7\u00f5es contidas neste site sejam cont\u00ednuas ou n\u00e3o tenham erros. A Insulac n\u00e3o garante que o servidor e\/ou o Web site n\u00e3o contenham v\u00edrus ou outros componentes prejudiciais. A Insulac n\u00e3o garante que os materiais deste Web site sejam adequados e\/ou estejam dispon\u00edveis para utiliza\u00e7\u00e3o noutros locais. \u00c9 proibido o acesso a materiais a partir de um territ\u00f3rio em que os conte\u00fados sejam ilegais.<\/p>\n<h2><strong>Ren\u00fancia<\/strong><\/h2>\n<p>A Insulac renuncia qualquer responsabilidade por erros que possam ocorrer devido a erros do sistema ou falha (tempor\u00e1ria ou permanente) do Web site, das aplica\u00e7\u00f5es ou de outras ferramentas. At\u00e9 \u00e0 m\u00e1xima extens\u00e3o poss\u00edvel ao abrigo da lei aplic\u00e1vel, a Insulac n\u00e3o se responsabilizar\u00e1 por quaisquer danos resultantes da utiliza\u00e7\u00e3o, ou da impossibilidade de utiliza\u00e7\u00e3o, do Web site.<\/p>\n<h2><strong>Cookies<\/strong><\/h2>\n<p>Este Web site utiliza cookies. N\u00e3o \u00e9 obrigado a aceitar os cookies. No entanto, se n\u00e3o aceitar os cookies, o Web site pode n\u00e3o funcionar correctamente.<\/p>\n<h2><strong>Links para p\u00e1ginas de terceiros<\/strong><\/h2>\n<p>A Insulac disponibiliza links para p\u00e1ginas de terceiros como um servi\u00e7o. Estes sites n\u00e3o pertencem nem s\u00e3o operados ou controlados pela Insulac e, por esta raz\u00e3o, a Insulac n\u00e3o se responsabiliza pelos sites e o seu conte\u00fado. A utiliza\u00e7\u00e3o destes links \u00e9 por sua conta e risco. N\u00e3o est\u00e1 autorizado a ligar o Web site ao seu Web site ou qualquer Web site sem a autoriza\u00e7\u00e3o pr\u00e9via por escrito da Insulac.<\/p>\n<h2><strong>Informa\u00e7\u00f5es confidenciais e propriet\u00e1rias<\/strong><\/h2>\n<p>A Insulac n\u00e3o pretende receber informa\u00e7\u00f5es propriet\u00e1rias ou confidenciais atrav\u00e9s do Web site. N\u00e3o se esque\u00e7a de que qualquer informa\u00e7\u00e3o ou material enviado para a Insulac ser\u00e1 considerado como n\u00e3o confidencial. A Insulac n\u00e3o \u00e9 obrigada a examinar, avaliar ou adoptar essa informa\u00e7\u00e3o ou material. Ao enviar qualquer material ou informa\u00e7\u00e3o para a Insulac, est\u00e1 a conceder permiss\u00e3o irrevog\u00e1vel e ilimitada para utilizar, reproduzir, ver, executar, modificar, transmitir e distribuir este material ou informa\u00e7\u00e3o, e concordar tamb\u00e9m que a Insulac pode utilizar qualquer ideia, conceito, conhecimento ou t\u00e9cnica enviado para a Insulac para qualquer fim. Por esta raz\u00e3o, a Insulac n\u00e3o se responsabiliza pela perda, despesa ou dano, incluindo, mas n\u00e3o se limitando ao, pagamento de compensa\u00e7\u00e3o, com respeito a este material ou informa\u00e7\u00e3o.<\/p>\n<h2><strong>Contacto<\/strong><\/h2>\n<p>Se tiver alguma quest\u00e3o sobre os presentes termos e condi\u00e7\u00f5es, pode envi\u00e1-la para a morada acima mencionada ou enviar uma mensagem de e-mail para insulac@insulac.pt<\/p>\n<p>Escreva, para refer\u00eancia, \u201cQuest\u00e3o sobre o Web Site Insulac\u201d.<\/p>\n<h2><strong>Cl\u00e1usula de rompimento<\/strong><\/h2>\n<p>Se alguma parte ou disposi\u00e7\u00e3o dos presentes Termos e Condi\u00e7\u00f5es n\u00e3o for execut\u00e1vel ou estiver em conflito com a lei aplic\u00e1vel de alguma jurisdi\u00e7\u00e3o, a validade das restantes partes ou disposi\u00e7\u00f5es n\u00e3o ser\u00e1 afectada.<\/p>\n<h2><strong>Lei aplic\u00e1vel <\/strong><\/h2>\n<p>Os presentes Termos e Condi\u00e7\u00f5es s\u00e3o regidos e elaborados de acordo com as leis Portuguesas.<\/p>\n<\/div>\n<\/div>\n<\/div>\n<p>[\/vc_column_text][\/vc_column][\/vc_row]<\/p>\n","protected":false},"excerpt":{"rendered":"<p>[vc_row][vc_column][vc_column_text el_class=&#8221;termos-condicoes&#8221;] Direitos de autor Os ficheiros de texto, imagens, gr\u00e1ficos, sons e anima\u00e7\u00e3o, e todas as outras informa\u00e7\u00f5es e a forma em que s\u00e3o representadas graficamente no Web site, assim como a disposi\u00e7\u00e3o e a estrutura do site, est\u00e3o todos sujeitos aos direitos de autor da Insulac, excepto se indicado em contr\u00e1rio. Nem o [&hellip;]<\/p>\n","protected":false},"author":1,"featured_media":0,"parent":0,"menu_order":0,"comment_status":"closed","ping_status":"closed","template":"","meta":[],"yoast_head":"<!-- This site is optimized with the Yoast SEO plugin v15.9 - https:\/\/yoast.com\/wordpress\/plugins\/seo\/ -->\n<title>Terms and Conditions | Insulac | Dairy Products from Azores<\/title>\n<meta name=\"description\" content=\"Please read the terms and conditions before using our website. You can find information about the website use, cookies, copyright and more.\" \/>\n<meta name=\"robots\" content=\"index, follow, max-snippet:-1, max-image-preview:large, max-video-preview:-1\" \/>\n<link rel=\"canonical\" href=\"https:\/\/insulac.pt\/en\/terms-and-conditions\/\" \/>\n<meta property=\"og:locale\" content=\"en_US\" \/>\n<meta property=\"og:type\" content=\"article\" \/>\n<meta property=\"og:title\" content=\"Terms and Conditions | Insulac | Dairy Products from Azores\" \/>\n<meta property=\"og:description\" content=\"Please read the terms and conditions before using our website. You can find information about the website use, cookies, copyright and more.\" \/>\n<meta property=\"og:url\" content=\"https:\/\/insulac.pt\/en\/terms-and-conditions\/\" \/>\n<meta property=\"og:site_name\" content=\"Insulac\" \/>\n<meta property=\"article:modified_time\" content=\"2022-08-09T17:26:20+00:00\" \/>\n<meta name=\"twitter:card\" content=\"summary_large_image\" \/>\n<meta name=\"twitter:label1\" content=\"Est. reading time\">\n\t<meta name=\"twitter:data1\" content=\"3 minutos\">\n<script type=\"application\/ld+json\" class=\"yoast-schema-graph\">{\"@context\":\"https:\/\/schema.org\",\"@graph\":[{\"@type\":\"Organization\",\"@id\":\"https:\/\/insulac.pt\/#organization\",\"name\":\"Insulac - Produtos L\\u00e1cteos A\\u00e7oreanos, S.A.\",\"url\":\"https:\/\/insulac.pt\/\",\"sameAs\":[],\"logo\":{\"@type\":\"ImageObject\",\"@id\":\"https:\/\/insulac.pt\/#logo\",\"inLanguage\":\"pt-PT\",\"url\":\"https:\/\/insulac.pt\/wp-content\/uploads\/2021\/02\/logo.jpg\",\"width\":1718,\"height\":553,\"caption\":\"Insulac - Produtos L\\u00e1cteos A\\u00e7oreanos, S.A.\"},\"image\":{\"@id\":\"https:\/\/insulac.pt\/#logo\"}},{\"@type\":\"WebSite\",\"@id\":\"https:\/\/insulac.pt\/#website\",\"url\":\"https:\/\/insulac.pt\/\",\"name\":\"Insulac\",\"description\":\"Mais um site WordPress\",\"publisher\":{\"@id\":\"https:\/\/insulac.pt\/#organization\"},\"potentialAction\":[{\"@type\":\"SearchAction\",\"target\":\"https:\/\/insulac.pt\/?s={search_term_string}\",\"query-input\":\"required name=search_term_string\"}],\"inLanguage\":\"pt-PT\"},{\"@type\":\"WebPage\",\"@id\":\"https:\/\/insulac.pt\/en\/terms-and-conditions\/#webpage\",\"url\":\"https:\/\/insulac.pt\/en\/terms-and-conditions\/\",\"name\":\"Terms and Conditions | Insulac | Dairy Products from Azores\",\"isPartOf\":{\"@id\":\"https:\/\/insulac.pt\/#website\"},\"datePublished\":\"2018-10-16T17:23:22+00:00\",\"dateModified\":\"2022-08-09T17:26:20+00:00\",\"description\":\"Please read the terms and conditions before using our website. You can find information about the website use, cookies, copyright and more.\",\"breadcrumb\":{\"@id\":\"https:\/\/insulac.pt\/en\/terms-and-conditions\/#breadcrumb\"},\"inLanguage\":\"pt-PT\",\"potentialAction\":[{\"@type\":\"ReadAction\",\"target\":[\"https:\/\/insulac.pt\/en\/terms-and-conditions\/\"]}]},{\"@type\":\"BreadcrumbList\",\"@id\":\"https:\/\/insulac.pt\/en\/terms-and-conditions\/#breadcrumb\",\"itemListElement\":[{\"@type\":\"ListItem\",\"position\":1,\"item\":{\"@type\":\"WebPage\",\"@id\":\"https:\/\/insulac.pt\/en\/\",\"url\":\"https:\/\/insulac.pt\/en\/\",\"name\":\"In\\u00edcio\"}},{\"@type\":\"ListItem\",\"position\":2,\"item\":{\"@type\":\"WebPage\",\"@id\":\"https:\/\/insulac.pt\/en\/terms-and-conditions\/\",\"url\":\"https:\/\/insulac.pt\/en\/terms-and-conditions\/\",\"name\":\"Terms and Conditions\"}}]}]}<\/script>\n<!-- \/ Yoast SEO plugin. -->","_links":{"self":[{"href":"https:\/\/insulac.pt\/en\/wp-json\/wp\/v2\/pages\/221"}],"collection":[{"href":"https:\/\/insulac.pt\/en\/wp-json\/wp\/v2\/pages"}],"about":[{"href":"https:\/\/insulac.pt\/en\/wp-json\/wp\/v2\/types\/page"}],"author":[{"embeddable":true,"href":"https:\/\/insulac.pt\/en\/wp-json\/wp\/v2\/users\/1"}],"replies":[{"embeddable":true,"href":"https:\/\/insulac.pt\/en\/wp-json\/wp\/v2\/comments?post=221"}],"version-history":[{"count":4,"href":"https:\/\/insulac.pt\/en\/wp-json\/wp\/v2\/pages\/221\/revisions"}],"predecessor-version":[{"id":2223,"href":"https:\/\/insulac.pt\/en\/wp-json\/wp\/v2\/pages\/221\/revisions\/2223"}],"wp:attachment":[{"href":"https:\/\/insulac.pt\/en\/wp-json\/wp\/v2\/media?parent=221"}],"curies":[{"name":"wp","href":"https:\/\/api.w.org\/{rel}","templated":true}]}}