{"id":53,"date":"2018-10-15T11:56:18","date_gmt":"2018-10-15T11:56:18","guid":{"rendered":"http:\/\/insulac.pt\/en\/quem-somos\/"},"modified":"2025-04-09T16:33:42","modified_gmt":"2025-04-09T16:33:42","slug":"about-us","status":"publish","type":"page","link":"https:\/\/insulac.pt\/en\/about-us\/","title":{"rendered":"About Us"},"content":{"rendered":"<p>[vc_row css=&#8221;.vc_custom_1540985031571{padding-right: 0px !important;padding-left: 0px !important;}&#8221;][vc_column][vc_column_text]Insulac &#8211; Produtos L\u00e1cteos A\u00e7oreanos, S.A. was founded in 1992 by a group of investors with long tradition and experience in the dairy industry in Portugal. The company started its activity in 1995 in a plant located on the outskirts of Ribeira Grande city, in the island of S\u00e3o Miguel in the Azores.<\/p>\n<p>Insulac operates in two distinct dairy product areas. Consumer goods are sold with the <a href=\"https:\/\/www.facebook.com\/valformosopt\" target=\"_blank\" rel=\"noopener\">Valformoso<\/a> brand consisting mostly of <a href=\"https:\/\/insulac.pt\/en\/product-category\/cheese\/\" target=\"_blank\" rel=\"noopener\">cheeses<\/a> and <a href=\"https:\/\/insulac.pt\/en\/product-category\/butter\/\" target=\"_blank\" rel=\"noopener\">butter<\/a> in different types of packaging. Dairy raw materials are sold under the brand name Insulac, consisting of <a href=\"https:\/\/insulac.pt\/en\/product-category\/milk-and-lactorous-powder\/\" target=\"_blank\" rel=\"noopener\">milk powders<\/a> and sweet whey powder.<\/p>\n<p>Market evolution and the growing demand of our customers have led, in recent years, to the modernization of the industrial plant. The factory was equipped with the latest processing and production control technology, while ensuring environmental sustainability. Quality control operates in all stages of the manufacturing process, from milk collection to final product, to guarantee product quality and to meet the higher quality standards.<\/p>\n<p>Currently Insulac has about 220 direct producers of milk to supply aproximately 74 million liters of milk per year, resulting in about 6,000 tons of cheese, 2,700 tons of milk powdered, 3,600 tons of sweet whey powder and 800 tones of butter.<\/p>\n<p>The products are distributed throughout the national territory (mainland Portugal, Azores and Madeira), the mainland being covered by a warehouse in Camarate, in the outskirts of Lisbon. In the export market Insulac sells to the Portuguese communities in Canada, United States of America and Luxembourg but also to Morocco, Spain, Belgium, Greece, the Netherlands, S\u00e3o Tom\u00e9 e Pr\u00edncipe and Cuba.[\/vc_column_text][\/vc_column][\/vc_row][vc_row css=&#8221;.vc_custom_1540985299284{padding-right: 0px !important;padding-left: 0px !important;}&#8221;][vc_column][vc_separator color=&#8221;custom&#8221; border_width=&#8221;2&#8243; accent_color=&#8221;#367199&#8243;][\/vc_column][\/vc_row][vc_row css=&#8221;.vc_custom_1541683065701{padding-right: 0px !important;padding-left: 0px !important;}&#8221; el_class=&#8221;logos-quem-somos&#8221;][vc_column width=&#8221;1\/4&#8243;][vc_single_image image=&#8221;2092&#8243; img_size=&#8221;medium&#8221; alignment=&#8221;center&#8221; el_class=&#8221;img-page-3&#8243;][vc_single_image image=&#8221;814&#8243;][\/vc_column][vc_column width=&#8221;1\/4&#8243;][vc_single_image image=&#8221;2585&#8243; img_size=&#8221;full&#8221; alignment=&#8221;center&#8221;][vc_single_image image=&#8221;811&#8243; img_size=&#8221;medium&#8221; alignment=&#8221;center&#8221; el_class=&#8221;img-page-3&#8243;][\/vc_column][vc_column width=&#8221;1\/4&#8243;][vc_single_image image=&#8221;49&#8243; img_size=&#8221;medium&#8221; alignment=&#8221;center&#8221;][\/vc_column][vc_column width=&#8221;1\/4&#8243;][vc_single_image image=&#8221;1010&#8243; img_size=&#8221;full&#8221; alignment=&#8221;center&#8221;][\/vc_column][\/vc_row]<\/p>\n","protected":false},"excerpt":{"rendered":"<p>[vc_row css=&#8221;.vc_custom_1540985031571{padding-right: 0px !important;padding-left: 0px !important;}&#8221;][vc_column][vc_column_text]Insulac &#8211; Produtos L\u00e1cteos A\u00e7oreanos, S.A. was founded in 1992 by a group of investors with long tradition and experience in the dairy industry in Portugal. The company started its activity in 1995 in a plant located on the outskirts of Ribeira Grande city, in the island of S\u00e3o Miguel [&hellip;]<\/p>\n","protected":false},"author":1,"featured_media":1009,"parent":0,"menu_order":0,"comment_status":"closed","ping_status":"closed","template":"","meta":[],"yoast_head":"<!-- This site is optimized with the Yoast SEO plugin v15.9 - https:\/\/yoast.com\/wordpress\/plugins\/seo\/ -->\n<title>About Us | Insulac - Dairy Products in Azores islands<\/title>\n<meta name=\"description\" content=\"Insulac&#039;s dairy products are made in Azores since 1995. Insulac was found by a group of investors with long tradition in the dairy insdustry.\" \/>\n<meta name=\"robots\" content=\"index, follow, max-snippet:-1, max-image-preview:large, max-video-preview:-1\" \/>\n<link rel=\"canonical\" href=\"https:\/\/insulac.pt\/en\/about-us\/\" \/>\n<meta property=\"og:locale\" content=\"en_US\" \/>\n<meta property=\"og:type\" content=\"article\" \/>\n<meta property=\"og:title\" content=\"About Us | Insulac - Dairy Products in Azores islands\" \/>\n<meta property=\"og:description\" content=\"Insulac&#039;s dairy products are made in Azores since 1995. Insulac was found by a group of investors with long tradition in the dairy insdustry.\" \/>\n<meta property=\"og:url\" content=\"https:\/\/insulac.pt\/en\/about-us\/\" \/>\n<meta property=\"og:site_name\" content=\"Insulac\" \/>\n<meta property=\"article:modified_time\" content=\"2025-04-09T16:33:42+00:00\" \/>\n<meta property=\"og:image\" content=\"https:\/\/insulac.pt\/wp-content\/uploads\/2018\/11\/screenshot-2017-12-21-1007022-1024x479.png\" \/>\n\t<meta property=\"og:image:width\" content=\"1024\" \/>\n\t<meta property=\"og:image:height\" content=\"479\" \/>\n<meta name=\"twitter:card\" content=\"summary_large_image\" \/>\n<meta name=\"twitter:label1\" content=\"Est. reading time\">\n\t<meta name=\"twitter:data1\" content=\"2 minutos\">\n<script type=\"application\/ld+json\" class=\"yoast-schema-graph\">{\"@context\":\"https:\/\/schema.org\",\"@graph\":[{\"@type\":\"Organization\",\"@id\":\"https:\/\/insulac.pt\/#organization\",\"name\":\"Insulac - Produtos L\\u00e1cteos A\\u00e7oreanos, S.A.\",\"url\":\"https:\/\/insulac.pt\/\",\"sameAs\":[],\"logo\":{\"@type\":\"ImageObject\",\"@id\":\"https:\/\/insulac.pt\/#logo\",\"inLanguage\":\"pt-PT\",\"url\":\"https:\/\/insulac.pt\/wp-content\/uploads\/2021\/02\/logo.jpg\",\"width\":1718,\"height\":553,\"caption\":\"Insulac - Produtos L\\u00e1cteos A\\u00e7oreanos, S.A.\"},\"image\":{\"@id\":\"https:\/\/insulac.pt\/#logo\"}},{\"@type\":\"WebSite\",\"@id\":\"https:\/\/insulac.pt\/#website\",\"url\":\"https:\/\/insulac.pt\/\",\"name\":\"Insulac\",\"description\":\"Mais um site WordPress\",\"publisher\":{\"@id\":\"https:\/\/insulac.pt\/#organization\"},\"potentialAction\":[{\"@type\":\"SearchAction\",\"target\":\"https:\/\/insulac.pt\/?s={search_term_string}\",\"query-input\":\"required name=search_term_string\"}],\"inLanguage\":\"pt-PT\"},{\"@type\":\"ImageObject\",\"@id\":\"https:\/\/insulac.pt\/en\/about-us\/#primaryimage\",\"inLanguage\":\"pt-PT\",\"url\":\"https:\/\/insulac.pt\/wp-content\/uploads\/2018\/11\/screenshot-2017-12-21-1007022.png\",\"width\":1920,\"height\":898,\"caption\":\"Insulac Dairy Products in Azores\"},{\"@type\":\"WebPage\",\"@id\":\"https:\/\/insulac.pt\/en\/about-us\/#webpage\",\"url\":\"https:\/\/insulac.pt\/en\/about-us\/\",\"name\":\"About Us | Insulac - Dairy Products in Azores islands\",\"isPartOf\":{\"@id\":\"https:\/\/insulac.pt\/#website\"},\"primaryImageOfPage\":{\"@id\":\"https:\/\/insulac.pt\/en\/about-us\/#primaryimage\"},\"datePublished\":\"2018-10-15T11:56:18+00:00\",\"dateModified\":\"2025-04-09T16:33:42+00:00\",\"description\":\"Insulac's dairy products are made in Azores since 1995. Insulac was found by a group of investors with long tradition in the dairy insdustry.\",\"breadcrumb\":{\"@id\":\"https:\/\/insulac.pt\/en\/about-us\/#breadcrumb\"},\"inLanguage\":\"pt-PT\",\"potentialAction\":[{\"@type\":\"ReadAction\",\"target\":[\"https:\/\/insulac.pt\/en\/about-us\/\"]}]},{\"@type\":\"BreadcrumbList\",\"@id\":\"https:\/\/insulac.pt\/en\/about-us\/#breadcrumb\",\"itemListElement\":[{\"@type\":\"ListItem\",\"position\":1,\"item\":{\"@type\":\"WebPage\",\"@id\":\"https:\/\/insulac.pt\/en\/\",\"url\":\"https:\/\/insulac.pt\/en\/\",\"name\":\"In\\u00edcio\"}},{\"@type\":\"ListItem\",\"position\":2,\"item\":{\"@type\":\"WebPage\",\"@id\":\"https:\/\/insulac.pt\/en\/about-us\/\",\"url\":\"https:\/\/insulac.pt\/en\/about-us\/\",\"name\":\"About Us\"}}]}]}<\/script>\n<!-- \/ Yoast SEO plugin. -->","_links":{"self":[{"href":"https:\/\/insulac.pt\/en\/wp-json\/wp\/v2\/pages\/53"}],"collection":[{"href":"https:\/\/insulac.pt\/en\/wp-json\/wp\/v2\/pages"}],"about":[{"href":"https:\/\/insulac.pt\/en\/wp-json\/wp\/v2\/types\/page"}],"author":[{"embeddable":true,"href":"https:\/\/insulac.pt\/en\/wp-json\/wp\/v2\/users\/1"}],"replies":[{"embeddable":true,"href":"https:\/\/insulac.pt\/en\/wp-json\/wp\/v2\/comments?post=53"}],"version-history":[{"count":37,"href":"https:\/\/insulac.pt\/en\/wp-json\/wp\/v2\/pages\/53\/revisions"}],"predecessor-version":[{"id":2675,"href":"https:\/\/insulac.pt\/en\/wp-json\/wp\/v2\/pages\/53\/revisions\/2675"}],"wp:featuredmedia":[{"embeddable":true,"href":"https:\/\/insulac.pt\/en\/wp-json\/wp\/v2\/media\/1009"}],"wp:attachment":[{"href":"https:\/\/insulac.pt\/en\/wp-json\/wp\/v2\/media?parent=53"}],"curies":[{"name":"wp","href":"https:\/\/api.w.org\/{rel}","templated":true}]}}